{"id":211,"date":"2025-08-13T14:23:06","date_gmt":"2025-08-13T14:23:06","guid":{"rendered":"https:\/\/www.fisika.com.ar\/?page_id=211"},"modified":"2025-08-13T15:11:56","modified_gmt":"2025-08-13T15:11:56","slug":"servicios","status":"publish","type":"page","link":"http:\/\/www.fisika.com.ar\/index.php\/servicios\/","title":{"rendered":"Servicios"},"content":{"rendered":"\t\t<div data-elementor-type=\"wp-page\" data-elementor-id=\"211\" class=\"elementor elementor-211\" data-elementor-post-type=\"page\">\n\t\t\t\t<div class=\"elementor-element elementor-element-8a616b3 e-con-full e-flex e-con e-parent\" data-id=\"8a616b3\" data-element_type=\"container\">\n\t\t\t\t<div class=\"elementor-element elementor-element-cdd6e51 elementor-widget elementor-widget-image\" data-id=\"cdd6e51\" data-element_type=\"widget\" data-widget_type=\"image.default\">\n\t\t\t\t\t\t\t\t\t\t\t\t\t\t\t<img fetchpriority=\"high\" decoding=\"async\" width=\"2560\" height=\"1650\" src=\"https:\/\/www.fisika.com.ar\/wp-content\/uploads\/2025\/08\/DSC00436-scaled.jpg\" class=\"attachment-full size-full wp-image-168\" alt=\"\" srcset=\"https:\/\/www.fisika.com.ar\/wp-content\/uploads\/2025\/08\/DSC00436-scaled.jpg 2560w, https:\/\/www.fisika.com.ar\/wp-content\/uploads\/2025\/08\/DSC00436-300x193.jpg 300w, https:\/\/www.fisika.com.ar\/wp-content\/uploads\/2025\/08\/DSC00436-1024x660.jpg 1024w, https:\/\/www.fisika.com.ar\/wp-content\/uploads\/2025\/08\/DSC00436-768x495.jpg 768w, https:\/\/www.fisika.com.ar\/wp-content\/uploads\/2025\/08\/DSC00436-1536x990.jpg 1536w, https:\/\/www.fisika.com.ar\/wp-content\/uploads\/2025\/08\/DSC00436-2048x1320.jpg 2048w, https:\/\/www.fisika.com.ar\/wp-content\/uploads\/2025\/08\/DSC00436-1568x1011.jpg 1568w, https:\/\/www.fisika.com.ar\/wp-content\/uploads\/2025\/08\/DSC00436-760x490.jpg 760w, https:\/\/www.fisika.com.ar\/wp-content\/uploads\/2025\/08\/DSC00436-370x238.jpg 370w\" sizes=\"(max-width: 2560px) 100vw, 2560px\" style=\"width:100%;height:64.45%;max-width:2560px\" \/>\t\t\t\t\t\t\t\t\t\t\t\t\t\t\t<\/div>\n\t\t\t\t<\/div>\n\t\t\t\t<section class=\"elementor-section elementor-top-section elementor-element elementor-element-4867fe3 elementor-section-boxed elementor-section-height-default elementor-section-height-default\" data-id=\"4867fe3\" data-element_type=\"section\" data-settings=\"{&quot;background_background&quot;:&quot;classic&quot;}\">\n\t\t\t\t\t\t<div class=\"elementor-container elementor-column-gap-default\">\n\t\t\t\t\t<div class=\"elementor-column elementor-col-100 elementor-top-column elementor-element elementor-element-91c7489\" data-id=\"91c7489\" data-element_type=\"column\">\n\t\t\t<div class=\"elementor-widget-wrap elementor-element-populated\">\n\t\t\t\t\t\t<div class=\"elementor-element elementor-element-f3efb85 elementor-widget elementor-widget-elementskit-heading\" data-id=\"f3efb85\" data-element_type=\"widget\" data-widget_type=\"elementskit-heading.default\">\n\t\t\t\t\t<div class=\"ekit-wid-con\" ><div class=\"ekit-heading elementskit-section-title-wraper text_center   ekit_heading_tablet-   ekit_heading_mobile-\"><h3 class=\"ekit-heading--title elementskit-section-title \">Servicios m\u00e9dicos y de rehabilitaci\u00f3n<\/h3>\t\t\t\t<div class='ekit-heading__description'>\n\t\t\t\t\t<p>Soluciones integrales en salud ocupacional y rehabilitaci\u00f3n para cuidar a tu equipo y optimizar la productividad de tu empresa.<\/p>\n\t\t\t\t<\/div>\n\t\t\t<\/div><\/div>\t\t\t\t<\/div>\n\t\t\t\t<div class=\"elementor-element elementor-element-c9f7a55 elementor-widget elementor-widget-spacer\" data-id=\"c9f7a55\" data-element_type=\"widget\" data-widget_type=\"spacer.default\">\n\t\t\t\t\t\t\t<div class=\"elementor-spacer\">\n\t\t\t<div class=\"elementor-spacer-inner\"><\/div>\n\t\t<\/div>\n\t\t\t\t\t\t<\/div>\n\t\t\t\t<div class=\"elementor-element elementor-element-8075bd7 elementor-widget elementor-widget-elementskit-heading\" data-id=\"8075bd7\" data-element_type=\"widget\" data-widget_type=\"elementskit-heading.default\">\n\t\t\t\t\t<div class=\"ekit-wid-con\" ><div class=\"ekit-heading elementskit-section-title-wraper text_left   ekit_heading_tablet-   ekit_heading_mobile-text_center\"><h3 class=\"ekit-heading--title elementskit-section-title \">Rehabilitaci\u00f3n F\u00edsica Traumatol\u00f3gica<\/h3><\/div><\/div>\t\t\t\t<\/div>\n\t\t\t\t<section class=\"elementor-section elementor-inner-section elementor-element elementor-element-4e54220 elementor-section-boxed elementor-section-height-default elementor-section-height-default elementor-invisible\" data-id=\"4e54220\" data-element_type=\"section\" data-settings=\"{&quot;animation&quot;:&quot;fadeInDown&quot;}\">\n\t\t\t\t\t\t<div class=\"elementor-container elementor-column-gap-default\">\n\t\t\t\t\t<div class=\"elementor-column elementor-col-33 elementor-inner-column elementor-element elementor-element-133c41b\" data-id=\"133c41b\" data-element_type=\"column\">\n\t\t\t<div class=\"elementor-widget-wrap\">\n\t\t\t\t\t\t\t<\/div>\n\t\t<\/div>\n\t\t\t\t<div class=\"elementor-column elementor-col-33 elementor-inner-column elementor-element elementor-element-971902d\" data-id=\"971902d\" data-element_type=\"column\">\n\t\t\t<div class=\"elementor-widget-wrap\">\n\t\t\t\t\t\t\t<\/div>\n\t\t<\/div>\n\t\t\t\t<div class=\"elementor-column elementor-col-33 elementor-inner-column elementor-element elementor-element-8d0c18a\" data-id=\"8d0c18a\" data-element_type=\"column\">\n\t\t\t<div class=\"elementor-widget-wrap\">\n\t\t\t\t\t\t\t<\/div>\n\t\t<\/div>\n\t\t\t\t\t<\/div>\n\t\t<\/section>\n\t\t\t\t<div class=\"elementor-element elementor-element-689e297 elementor-widget elementor-widget-elementskit-heading\" data-id=\"689e297\" data-element_type=\"widget\" data-widget_type=\"elementskit-heading.default\">\n\t\t\t\t\t<div class=\"ekit-wid-con\" ><div class=\"ekit-heading elementskit-section-title-wraper text_left   ekit_heading_tablet-   ekit_heading_mobile-text_center\"><h3 class=\"ekit-heading--title elementskit-section-title \">Gesti\u00f3n del Siniestro y Servicios M\u00e9dicos<\/h3><\/div><\/div>\t\t\t\t<\/div>\n\t\t<div class=\"elementor-element elementor-element-d8c019d e-flex e-con-boxed elementor-invisible e-con e-parent\" data-id=\"d8c019d\" data-element_type=\"container\" data-settings=\"{&quot;animation&quot;:&quot;fadeInDown&quot;}\">\n\t\t\t\t\t<div class=\"e-con-inner\">\n\t\t<div class=\"elementor-element elementor-element-fb41f49 e-con-full e-flex e-con e-child\" data-id=\"fb41f49\" data-element_type=\"container\">\n\t\t\t\t<div class=\"elementor-element elementor-element-d3b005e ekit-equal-height-disable elementor-widget elementor-widget-elementskit-icon-box\" data-id=\"d3b005e\" data-element_type=\"widget\" data-widget_type=\"elementskit-icon-box.default\">\n\t\t\t\t\t<div class=\"ekit-wid-con\" >        <!-- link opening -->\n                <a href=\"#\" class=\"ekit_global_links\">\n                <!-- end link opening -->\n\n        <div class=\"elementskit-infobox text-center text- icon-top-align elementor-animation-   \">\n                    <div class=\"elementskit-box-header elementor-animation-\">\n                <div class=\"elementskit-info-box-icon  \">\n                    <svg aria-hidden=\"true\" class=\"elementkit-infobox-icon e-font-icon-svg e-fas-phone-alt\" viewBox=\"0 0 512 512\" xmlns=\"http:\/\/www.w3.org\/2000\/svg\"><path d=\"M497.39 361.8l-112-48a24 24 0 0 0-28 6.9l-49.6 60.6A370.66 370.66 0 0 1 130.6 204.11l60.6-49.6a23.94 23.94 0 0 0 6.9-28l-48-112A24.16 24.16 0 0 0 122.6.61l-104 24A24 24 0 0 0 0 48c0 256.5 207.9 464 464 464a24 24 0 0 0 23.4-18.6l24-104a24.29 24.29 0 0 0-14.01-27.6z\"><\/path><\/svg>\n                <\/div>\n          <\/div>\n                        <div class=\"box-body\">\n                            <h3 class=\"elementskit-info-box-title\">\n                    Call Center                <\/h3>\n                        \t\t  \t<p>Atenci\u00f3n y orientaci\u00f3n inmediata.<\/p>\n                                <\/div>\n        \n        \n                <\/div>\n                <\/a>\n        <\/div>\t\t\t\t<\/div>\n\t\t\t\t<\/div>\n\t\t<div class=\"elementor-element elementor-element-190c8e6 e-con-full e-flex e-con e-child\" data-id=\"190c8e6\" data-element_type=\"container\">\n\t\t\t\t<div class=\"elementor-element elementor-element-30e59bf ekit-equal-height-disable elementor-widget elementor-widget-elementskit-icon-box\" data-id=\"30e59bf\" data-element_type=\"widget\" data-widget_type=\"elementskit-icon-box.default\">\n\t\t\t\t\t<div class=\"ekit-wid-con\" >        <!-- link opening -->\n                <a href=\"#\" class=\"ekit_global_links\">\n                <!-- end link opening -->\n\n        <div class=\"elementskit-infobox text-center text- icon-top-align elementor-animation-   \">\n                    <div class=\"elementskit-box-header elementor-animation-\">\n                <div class=\"elementskit-info-box-icon  \">\n                    <i aria-hidden=\"true\" class=\"elementkit-infobox-icon icon icon-heart-pulse\"><\/i>\n                <\/div>\n          <\/div>\n                        <div class=\"box-body\">\n                            <h3 class=\"elementskit-info-box-title\">\n                    Cl\u00ednica de Traumatolog\u00eda y Ortopedia Ambulatoria                <\/h3>\n                        \t\t  \t<p>Diagn\u00f3stico y tratamiento especializado.<\/p>\n                                <\/div>\n        \n        \n                <\/div>\n                <\/a>\n        <\/div>\t\t\t\t<\/div>\n\t\t\t\t<\/div>\n\t\t<div class=\"elementor-element elementor-element-e434f79 e-con-full e-flex e-con e-child\" data-id=\"e434f79\" data-element_type=\"container\">\n\t\t\t\t<div class=\"elementor-element elementor-element-8f6754b ekit-equal-height-disable elementor-widget elementor-widget-elementskit-icon-box\" data-id=\"8f6754b\" data-element_type=\"widget\" data-widget_type=\"elementskit-icon-box.default\">\n\t\t\t\t\t<div class=\"ekit-wid-con\" >        <!-- link opening -->\n                <a href=\"#\" class=\"ekit_global_links\">\n                <!-- end link opening -->\n\n        <div class=\"elementskit-infobox text-center text- icon-top-align elementor-animation-   \">\n                    <div class=\"elementskit-box-header elementor-animation-\">\n                <div class=\"elementskit-info-box-icon  \">\n                    <svg aria-hidden=\"true\" class=\"elementkit-infobox-icon e-font-icon-svg e-far-image\" viewBox=\"0 0 512 512\" xmlns=\"http:\/\/www.w3.org\/2000\/svg\"><path d=\"M464 64H48C21.49 64 0 85.49 0 112v288c0 26.51 21.49 48 48 48h416c26.51 0 48-21.49 48-48V112c0-26.51-21.49-48-48-48zm-6 336H54a6 6 0 0 1-6-6V118a6 6 0 0 1 6-6h404a6 6 0 0 1 6 6v276a6 6 0 0 1-6 6zM128 152c-22.091 0-40 17.909-40 40s17.909 40 40 40 40-17.909 40-40-17.909-40-40-40zM96 352h320v-80l-87.515-87.515c-4.686-4.686-12.284-4.686-16.971 0L192 304l-39.515-39.515c-4.686-4.686-12.284-4.686-16.971 0L96 304v48z\"><\/path><\/svg>\n                <\/div>\n          <\/div>\n                        <div class=\"box-body\">\n                            <h3 class=\"elementskit-info-box-title\">\n                    Centro de Im\u00e1genes                <\/h3>\n                        \t\t  \t<p>Estudios diagn\u00f3sticos de alta precisi\u00f3n.<\/p>\n                                <\/div>\n        \n        \n                <\/div>\n                <\/a>\n        <\/div>\t\t\t\t<\/div>\n\t\t\t\t<\/div>\n\t\t\t\t\t<\/div>\n\t\t\t\t<\/div>\n\t\t<div class=\"elementor-element elementor-element-952eb1f e-flex e-con-boxed elementor-invisible e-con e-parent\" data-id=\"952eb1f\" data-element_type=\"container\" data-settings=\"{&quot;animation&quot;:&quot;fadeInDown&quot;}\">\n\t\t\t\t\t<div class=\"e-con-inner\">\n\t\t<div class=\"elementor-element elementor-element-20756ca e-con-full e-flex e-con e-child\" data-id=\"20756ca\" data-element_type=\"container\">\n\t\t\t\t<div class=\"elementor-element elementor-element-aa015da ekit-equal-height-disable elementor-widget elementor-widget-elementskit-icon-box\" data-id=\"aa015da\" data-element_type=\"widget\" data-widget_type=\"elementskit-icon-box.default\">\n\t\t\t\t\t<div class=\"ekit-wid-con\" >        <!-- link opening -->\n                <a href=\"#\" class=\"ekit_global_links\">\n                <!-- end link opening -->\n\n        <div class=\"elementskit-infobox text-center text- icon-top-align elementor-animation-   \">\n                    <div class=\"elementskit-box-header elementor-animation-\">\n                <div class=\"elementskit-info-box-icon  \">\n                    <svg aria-hidden=\"true\" class=\"elementkit-infobox-icon e-font-icon-svg e-far-hospital\" viewBox=\"0 0 448 512\" xmlns=\"http:\/\/www.w3.org\/2000\/svg\"><path d=\"M128 244v-40c0-6.627 5.373-12 12-12h40c6.627 0 12 5.373 12 12v40c0 6.627-5.373 12-12 12h-40c-6.627 0-12-5.373-12-12zm140 12h40c6.627 0 12-5.373 12-12v-40c0-6.627-5.373-12-12-12h-40c-6.627 0-12 5.373-12 12v40c0 6.627 5.373 12 12 12zm-76 84v-40c0-6.627-5.373-12-12-12h-40c-6.627 0-12 5.373-12 12v40c0 6.627 5.373 12 12 12h40c6.627 0 12-5.373 12-12zm76 12h40c6.627 0 12-5.373 12-12v-40c0-6.627-5.373-12-12-12h-40c-6.627 0-12 5.373-12 12v40c0 6.627 5.373 12 12 12zm180 124v36H0v-36c0-6.627 5.373-12 12-12h19.5V85.035C31.5 73.418 42.245 64 55.5 64H144V24c0-13.255 10.745-24 24-24h112c13.255 0 24 10.745 24 24v40h88.5c13.255 0 24 9.418 24 21.035V464H436c6.627 0 12 5.373 12 12zM79.5 463H192v-67c0-6.627 5.373-12 12-12h40c6.627 0 12 5.373 12 12v67h112.5V112H304v24c0 13.255-10.745 24-24 24H168c-13.255 0-24-10.745-24-24v-24H79.5v351zM266 64h-26V38a6 6 0 0 0-6-6h-20a6 6 0 0 0-6 6v26h-26a6 6 0 0 0-6 6v20a6 6 0 0 0 6 6h26v26a6 6 0 0 0 6 6h20a6 6 0 0 0 6-6V96h26a6 6 0 0 0 6-6V70a6 6 0 0 0-6-6z\"><\/path><\/svg>\n                <\/div>\n          <\/div>\n                        <div class=\"box-body\">\n                            <h3 class=\"elementskit-info-box-title\">\n                    Centro de Rehabilitaci\u00f3n Ambulatoria                <\/h3>\n                        \t\t  \t<p>Para pacientes con afecciones agudas.<\/p>\n                                <\/div>\n        \n        \n                <\/div>\n                <\/a>\n        <\/div>\t\t\t\t<\/div>\n\t\t\t\t<\/div>\n\t\t<div class=\"elementor-element elementor-element-c1d0d29 e-con-full e-flex e-con e-child\" data-id=\"c1d0d29\" data-element_type=\"container\">\n\t\t\t\t<div class=\"elementor-element elementor-element-965345f ekit-equal-height-disable elementor-widget elementor-widget-elementskit-icon-box\" data-id=\"965345f\" data-element_type=\"widget\" data-widget_type=\"elementskit-icon-box.default\">\n\t\t\t\t\t<div class=\"ekit-wid-con\" >        <!-- link opening -->\n                <a href=\"#\" class=\"ekit_global_links\">\n                <!-- end link opening -->\n\n        <div class=\"elementskit-infobox text-center text- icon-top-align elementor-animation-   \">\n                    <div class=\"elementskit-box-header elementor-animation-\">\n                <div class=\"elementskit-info-box-icon  \">\n                    <i aria-hidden=\"true\" class=\"elementkit-infobox-icon icon icon-brain\"><\/i>\n                <\/div>\n          <\/div>\n                        <div class=\"box-body\">\n                            <h3 class=\"elementskit-info-box-title\">\n                    Centro de Rehabilitaci\u00f3n para Pacientes Neurol\u00f3gicos                <\/h3>\n                        \t\t  \t<p>Hospital de d\u00eda parcial o completo.<\/p>\n                                <\/div>\n        \n        \n                <\/div>\n                <\/a>\n        <\/div>\t\t\t\t<\/div>\n\t\t\t\t<\/div>\n\t\t<div class=\"elementor-element elementor-element-8139afa e-con-full e-flex e-con e-child\" data-id=\"8139afa\" data-element_type=\"container\">\n\t\t\t\t<div class=\"elementor-element elementor-element-7c2a48d ekit-equal-height-disable elementor-widget elementor-widget-elementskit-icon-box\" data-id=\"7c2a48d\" data-element_type=\"widget\" data-widget_type=\"elementskit-icon-box.default\">\n\t\t\t\t\t<div class=\"ekit-wid-con\" >        <!-- link opening -->\n                <a href=\"#\" class=\"ekit_global_links\">\n                <!-- end link opening -->\n\n        <div class=\"elementskit-infobox text-center text- icon-top-align elementor-animation-   \">\n                    <div class=\"elementskit-box-header elementor-animation-\">\n                <div class=\"elementskit-info-box-icon  \">\n                    <i aria-hidden=\"true\" class=\"elementkit-infobox-icon icon icon-house-2\"><\/i>\n                <\/div>\n          <\/div>\n                        <div class=\"box-body\">\n                            <h3 class=\"elementskit-info-box-title\">\n                    Internaci\u00f3n Domiciliaria                <\/h3>\n                        \t\t  \t<p>Atenci\u00f3n integral en el hogar con equipo interdisciplinario.<\/p>\n                                <\/div>\n        \n        \n                <\/div>\n                <\/a>\n        <\/div>\t\t\t\t<\/div>\n\t\t\t\t<\/div>\n\t\t\t\t\t<\/div>\n\t\t\t\t<\/div>\n\t\t\t\t\t<\/div>\n\t\t<\/div>\n\t\t\t\t\t<\/div>\n\t\t<\/section>\n\t\t\t\t<\/div>\n\t\t","protected":false},"excerpt":{"rendered":"<p>Servicios m\u00e9dicos y de rehabilitaci\u00f3n Soluciones integrales en salud ocupacional y rehabilitaci\u00f3n para cuidar a tu equipo y optimizar la productividad de tu empresa. Rehabilitaci\u00f3n F\u00edsica Traumatol\u00f3gica Tratamiento Integral Evaluaciones m\u00e9dicas personalizadas, control del dolor y recuperaci\u00f3n funcional adaptada a cada paciente. Read More \u00c1reas de Tratamiento Lesiones traum\u00e1ticas, rehabilitaci\u00f3n postquir\u00fargica, patolog\u00edas ortop\u00e9dicas y reumatol\u00f3gicas.&hellip; <a class=\"more-link\" href=\"http:\/\/www.fisika.com.ar\/index.php\/servicios\/\">Seguir leyendo <span class=\"screen-reader-text\">Servicios<\/span><\/a><\/p>\n","protected":false},"author":1,"featured_media":0,"parent":0,"menu_order":0,"comment_status":"closed","ping_status":"closed","template":"elementor_header_footer","meta":{"footnotes":""},"class_list":["post-211","page","type-page","status-publish","hentry","entry"],"_links":{"self":[{"href":"http:\/\/www.fisika.com.ar\/index.php\/wp-json\/wp\/v2\/pages\/211","targetHints":{"allow":["GET"]}}],"collection":[{"href":"http:\/\/www.fisika.com.ar\/index.php\/wp-json\/wp\/v2\/pages"}],"about":[{"href":"http:\/\/www.fisika.com.ar\/index.php\/wp-json\/wp\/v2\/types\/page"}],"author":[{"embeddable":true,"href":"http:\/\/www.fisika.com.ar\/index.php\/wp-json\/wp\/v2\/users\/1"}],"replies":[{"embeddable":true,"href":"http:\/\/www.fisika.com.ar\/index.php\/wp-json\/wp\/v2\/comments?post=211"}],"version-history":[{"count":7,"href":"http:\/\/www.fisika.com.ar\/index.php\/wp-json\/wp\/v2\/pages\/211\/revisions"}],"predecessor-version":[{"id":252,"href":"http:\/\/www.fisika.com.ar\/index.php\/wp-json\/wp\/v2\/pages\/211\/revisions\/252"}],"wp:attachment":[{"href":"http:\/\/www.fisika.com.ar\/index.php\/wp-json\/wp\/v2\/media?parent=211"}],"curies":[{"name":"wp","href":"https:\/\/api.w.org\/{rel}","templated":true}]}}