{"id":26,"date":"2025-07-30T18:50:23","date_gmt":"2025-07-30T18:50:23","guid":{"rendered":"https:\/\/www.fisika.com.ar\/?page_id=26"},"modified":"2025-08-18T18:46:26","modified_gmt":"2025-08-18T18:46:26","slug":"inicio","status":"publish","type":"page","link":"http:\/\/www.fisika.com.ar\/","title":{"rendered":"Inicio"},"content":{"rendered":"\t\t<div data-elementor-type=\"wp-page\" data-elementor-id=\"26\" class=\"elementor elementor-26\" data-elementor-post-type=\"page\">\n\t\t\t\t<div class=\"elementor-element elementor-element-0c96e14 e-con-full e-flex e-con e-parent\" data-id=\"0c96e14\" data-element_type=\"container\">\n\t\t\t\t<div class=\"elementor-element elementor-element-41623b8 elementor-arrows-position-inside elementor-widget elementor-widget-image-carousel\" data-id=\"41623b8\" data-element_type=\"widget\" data-settings=\"{&quot;slides_to_show&quot;:&quot;1&quot;,&quot;navigation&quot;:&quot;arrows&quot;,&quot;autoplay&quot;:&quot;yes&quot;,&quot;pause_on_hover&quot;:&quot;yes&quot;,&quot;pause_on_interaction&quot;:&quot;yes&quot;,&quot;autoplay_speed&quot;:5000,&quot;infinite&quot;:&quot;yes&quot;,&quot;effect&quot;:&quot;slide&quot;,&quot;speed&quot;:500}\" data-widget_type=\"image-carousel.default\">\n\t\t\t\t\t\t\t<div class=\"elementor-image-carousel-wrapper swiper\" role=\"region\" aria-roledescription=\"carousel\" aria-label=\"Carrusel de im\u00e1genes\" dir=\"ltr\">\n\t\t\t<div class=\"elementor-image-carousel swiper-wrapper\" aria-live=\"off\">\n\t\t\t\t\t\t\t\t<div class=\"swiper-slide\" role=\"group\" aria-roledescription=\"slide\" aria-label=\"1 de 2\"><figure class=\"swiper-slide-inner\"><img decoding=\"async\" class=\"swiper-slide-image\" src=\"https:\/\/www.fisika.com.ar\/wp-content\/uploads\/2025\/08\/DSC00436-scaled.jpg\" alt=\"DSC00436\" \/><\/figure><\/div><div class=\"swiper-slide\" role=\"group\" aria-roledescription=\"slide\" aria-label=\"2 de 2\"><figure class=\"swiper-slide-inner\"><img decoding=\"async\" class=\"swiper-slide-image\" src=\"https:\/\/www.fisika.com.ar\/wp-content\/uploads\/2025\/08\/DSC00026-scaled.jpg\" alt=\"DSC00026\" \/><\/figure><\/div>\t\t\t<\/div>\n\t\t\t\t\t\t\t\t\t\t\t\t<div class=\"elementor-swiper-button elementor-swiper-button-prev\" role=\"button\" tabindex=\"0\">\n\t\t\t\t\t\t<svg aria-hidden=\"true\" class=\"e-font-icon-svg e-eicon-chevron-left\" viewBox=\"0 0 1000 1000\" xmlns=\"http:\/\/www.w3.org\/2000\/svg\"><path d=\"M646 125C629 125 613 133 604 142L308 442C296 454 292 471 292 487 292 504 296 521 308 533L604 854C617 867 629 875 646 875 663 875 679 871 692 858 704 846 713 829 713 812 713 796 708 779 692 767L438 487 692 225C700 217 708 204 708 187 708 171 704 154 692 142 675 129 663 125 646 125Z\"><\/path><\/svg>\t\t\t\t\t<\/div>\n\t\t\t\t\t<div class=\"elementor-swiper-button elementor-swiper-button-next\" role=\"button\" tabindex=\"0\">\n\t\t\t\t\t\t<svg aria-hidden=\"true\" class=\"e-font-icon-svg e-eicon-chevron-right\" viewBox=\"0 0 1000 1000\" xmlns=\"http:\/\/www.w3.org\/2000\/svg\"><path d=\"M696 533C708 521 713 504 713 487 713 471 708 454 696 446L400 146C388 133 375 125 354 125 338 125 325 129 313 142 300 154 292 171 292 187 292 204 296 221 308 233L563 492 304 771C292 783 288 800 288 817 288 833 296 850 308 863 321 871 338 875 354 875 371 875 388 867 400 854L696 533Z\"><\/path><\/svg>\t\t\t\t\t<\/div>\n\t\t\t\t\n\t\t\t\t\t\t\t\t\t<\/div>\n\t\t\t\t\t\t<\/div>\n\t\t\t\t<\/div>\n\t\t<div class=\"elementor-element elementor-element-528386f7 e-flex e-con-boxed e-con e-parent\" data-id=\"528386f7\" data-element_type=\"container\">\n\t\t\t\t\t<div class=\"e-con-inner\">\n\t\t<div class=\"elementor-element elementor-element-658a1cf e-con-full e-flex e-con e-child\" data-id=\"658a1cf\" data-element_type=\"container\" data-settings=\"{&quot;background_background&quot;:&quot;classic&quot;}\">\n\t\t\t\t<div class=\"elementor-element elementor-element-b42f6f2 elementor-widget__width-initial elementor-widget-mobile__width-initial elementor-widget elementor-widget-image\" data-id=\"b42f6f2\" data-element_type=\"widget\" data-widget_type=\"image.default\">\n\t\t\t\t\t\t\t\t\t\t\t\t\t\t\t<img fetchpriority=\"high\" decoding=\"async\" width=\"750\" height=\"174\" src=\"https:\/\/www.fisika.com.ar\/wp-content\/uploads\/2025\/07\/Logo-Fisika-1-1024x238.png\" class=\"attachment-large size-large wp-image-55\" alt=\"\" srcset=\"https:\/\/www.fisika.com.ar\/wp-content\/uploads\/2025\/07\/Logo-Fisika-1-1024x238.png 1024w, https:\/\/www.fisika.com.ar\/wp-content\/uploads\/2025\/07\/Logo-Fisika-1-300x70.png 300w, https:\/\/www.fisika.com.ar\/wp-content\/uploads\/2025\/07\/Logo-Fisika-1-768x178.png 768w, https:\/\/www.fisika.com.ar\/wp-content\/uploads\/2025\/07\/Logo-Fisika-1-760x177.png 760w, https:\/\/www.fisika.com.ar\/wp-content\/uploads\/2025\/07\/Logo-Fisika-1-370x86.png 370w, https:\/\/www.fisika.com.ar\/wp-content\/uploads\/2025\/07\/Logo-Fisika-1.png 1080w\" sizes=\"(max-width: 767px) 100vw, 750px\" style=\"width:100%;height:23.24%;max-width:1080px\" \/>\t\t\t\t\t\t\t\t\t\t\t\t\t\t\t<\/div>\n\t\t\t\t<div class=\"elementor-element elementor-element-3f9273dc elementor-widget__width-inherit elementor-widget elementor-widget-elementskit-heading\" data-id=\"3f9273dc\" data-element_type=\"widget\" data-widget_type=\"elementskit-heading.default\">\n\t\t\t\t\t<div class=\"ekit-wid-con\" ><div class=\"ekit-heading elementskit-section-title-wraper text_center   ekit_heading_tablet-   ekit_heading_mobile-\"><h2 class=\"ekit-heading--title elementskit-section-title \">Bienvenido a FISIKA<\/h2>\t\t\t\t<div class='ekit-heading__description'>\n\t\t\t\t\t<p>\"Amamos lo que hacemos\"<\/p>\n\t\t\t\t<\/div>\n\t\t\t<\/div><\/div>\t\t\t\t<\/div>\n\t\t\t\t<\/div>\n\t\t\t\t\t<\/div>\n\t\t\t\t<\/div>\n\t\t<div class=\"elementor-element elementor-element-f247ac9 e-flex e-con-boxed e-con e-parent\" data-id=\"f247ac9\" data-element_type=\"container\" id=\"quienes-somos\">\n\t\t\t\t\t<div class=\"e-con-inner\">\n\t\t<div class=\"elementor-element elementor-element-130f54ba e-con-full e-flex e-con e-child\" data-id=\"130f54ba\" data-element_type=\"container\">\n\t\t\t\t<div class=\"elementor-element elementor-element-6a80da4b elementor-widget elementor-widget-elementskit-heading\" data-id=\"6a80da4b\" data-element_type=\"widget\" data-widget_type=\"elementskit-heading.default\">\n\t\t\t\t\t<div class=\"ekit-wid-con\" ><div class=\"ekit-heading elementskit-section-title-wraper text_left   ekit_heading_tablet-   ekit_heading_mobile-\"><span class=\"elementskit-section-subtitle  elementskit-style-border\">\n\t\t\t\t\t\tSobre Fisika\n\t\t\t\t\t<\/span><h2 class=\"ekit-heading--title elementskit-section-title \">\u00bfQuienes Somos?<\/h2>\t\t\t\t<div class='ekit-heading__description'>\n\t\t\t\t\t<p>En <strong>FISIKA<\/strong>, somos una empresa innovadora que administra, gestiona y comercializa servicios m\u00e9dico-laborales. Nuestro compromiso es ofrecer soluciones integrales que priorizan el bienestar de los trabajadores y la eficiencia de las empresas. Proporcionamos servicios m\u00e9dicos de alta calidad y una gesti\u00f3n administrativa eficaz para la atenci\u00f3n de siniestros laborales. Nos especializamos en asegurar el cumplimiento de los est\u00e1ndares y tiempos establecidos por la Superintendencia de Riesgos del Trabajo, manteniendo un seguimiento constante de cada caso. Trabajamos para que la salud y la seguridad de tu equipo sean siempre nuestra prioridad.<\/p>\n\t\t\t\t<\/div>\n\t\t\t<\/div><\/div>\t\t\t\t<\/div>\n\t\t\t\t<div class=\"elementor-element elementor-element-604d0cf elementor-align-left elementor-widget elementor-widget-button\" data-id=\"604d0cf\" data-element_type=\"widget\" data-widget_type=\"button.default\">\n\t\t\t\t\t\t\t\t\t\t<a class=\"elementor-button elementor-button-link elementor-size-sm\" href=\"#\">\n\t\t\t\t\t\t<span class=\"elementor-button-content-wrapper\">\n\t\t\t\t\t\t<span class=\"elementor-button-icon\">\n\t\t\t\t<svg aria-hidden=\"true\" class=\"e-font-icon-svg e-far-arrow-alt-circle-right\" viewBox=\"0 0 512 512\" xmlns=\"http:\/\/www.w3.org\/2000\/svg\"><path d=\"M504 256C504 119 393 8 256 8S8 119 8 256s111 248 248 248 248-111 248-248zm-448 0c0-110.5 89.5-200 200-200s200 89.5 200 200-89.5 200-200 200S56 366.5 56 256zm72 20v-40c0-6.6 5.4-12 12-12h116v-67c0-10.7 12.9-16 20.5-8.5l99 99c4.7 4.7 4.7 12.3 0 17l-99 99c-7.6 7.6-20.5 2.2-20.5-8.5v-67H140c-6.6 0-12-5.4-12-12z\"><\/path><\/svg>\t\t\t<\/span>\n\t\t\t\t\t\t\t\t\t<span class=\"elementor-button-text\">Consultar<\/span>\n\t\t\t\t\t<\/span>\n\t\t\t\t\t<\/a>\n\t\t\t\t\t\t\t\t<\/div>\n\t\t\t\t<\/div>\n\t\t<div class=\"elementor-element elementor-element-16bad36f e-con-full e-flex e-con e-child\" data-id=\"16bad36f\" data-element_type=\"container\">\n\t\t\t\t<div class=\"elementor-element elementor-element-1b270e17 elementor-widget elementor-widget-image\" data-id=\"1b270e17\" data-element_type=\"widget\" data-widget_type=\"image.default\">\n\t\t\t\t\t\t\t\t\t\t\t\t\t\t\t<img decoding=\"async\" width=\"2560\" height=\"1588\" src=\"https:\/\/www.fisika.com.ar\/wp-content\/uploads\/2025\/08\/DSC00505-scaled.jpg\" class=\"attachment-full size-full wp-image-107\" alt=\"\" srcset=\"https:\/\/www.fisika.com.ar\/wp-content\/uploads\/2025\/08\/DSC00505-scaled.jpg 2560w, https:\/\/www.fisika.com.ar\/wp-content\/uploads\/2025\/08\/DSC00505-300x186.jpg 300w, https:\/\/www.fisika.com.ar\/wp-content\/uploads\/2025\/08\/DSC00505-1024x635.jpg 1024w, https:\/\/www.fisika.com.ar\/wp-content\/uploads\/2025\/08\/DSC00505-768x477.jpg 768w, https:\/\/www.fisika.com.ar\/wp-content\/uploads\/2025\/08\/DSC00505-1536x953.jpg 1536w, https:\/\/www.fisika.com.ar\/wp-content\/uploads\/2025\/08\/DSC00505-2048x1271.jpg 2048w, https:\/\/www.fisika.com.ar\/wp-content\/uploads\/2025\/08\/DSC00505-760x472.jpg 760w, https:\/\/www.fisika.com.ar\/wp-content\/uploads\/2025\/08\/DSC00505-370x230.jpg 370w\" sizes=\"(max-width: 2560px) 100vw, 2560px\" style=\"width:100%;height:62.03%;max-width:2560px\" \/>\t\t\t\t\t\t\t\t\t\t\t\t\t\t\t<\/div>\n\t\t\t\t<\/div>\n\t\t\t\t\t<\/div>\n\t\t\t\t<\/div>\n\t\t\t\t<section class=\"elementor-section elementor-top-section elementor-element elementor-element-29e1d83 elementor-section-boxed elementor-section-height-default elementor-section-height-default\" data-id=\"29e1d83\" data-element_type=\"section\">\n\t\t\t\t\t\t<div class=\"elementor-container elementor-column-gap-default\">\n\t\t\t\t\t<div class=\"elementor-column elementor-col-100 elementor-top-column elementor-element elementor-element-4f03f14d\" data-id=\"4f03f14d\" data-element_type=\"column\">\n\t\t\t<div class=\"elementor-widget-wrap\">\n\t\t\t\t\t\t\t<\/div>\n\t\t<\/div>\n\t\t\t\t\t<\/div>\n\t\t<\/section>\n\t\t\t\t<\/div>\n\t\t","protected":false},"excerpt":{"rendered":"<p>Bienvenido a FISIKA \u00abAmamos lo que hacemos\u00bb Sobre Fisika \u00bfQuienes Somos? En FISIKA, somos una empresa innovadora que administra, gestiona y comercializa servicios m\u00e9dico-laborales. Nuestro compromiso es ofrecer soluciones integrales que priorizan el bienestar de los trabajadores y la eficiencia de las empresas. Proporcionamos servicios m\u00e9dicos de alta calidad y una gesti\u00f3n administrativa eficaz para&hellip; <a class=\"more-link\" href=\"http:\/\/www.fisika.com.ar\/\">Seguir leyendo <span class=\"screen-reader-text\">Inicio<\/span><\/a><\/p>\n","protected":false},"author":1,"featured_media":0,"parent":0,"menu_order":0,"comment_status":"closed","ping_status":"closed","template":"elementor_header_footer","meta":{"footnotes":""},"class_list":["post-26","page","type-page","status-publish","hentry","entry"],"_links":{"self":[{"href":"http:\/\/www.fisika.com.ar\/index.php\/wp-json\/wp\/v2\/pages\/26","targetHints":{"allow":["GET"]}}],"collection":[{"href":"http:\/\/www.fisika.com.ar\/index.php\/wp-json\/wp\/v2\/pages"}],"about":[{"href":"http:\/\/www.fisika.com.ar\/index.php\/wp-json\/wp\/v2\/types\/page"}],"author":[{"embeddable":true,"href":"http:\/\/www.fisika.com.ar\/index.php\/wp-json\/wp\/v2\/users\/1"}],"replies":[{"embeddable":true,"href":"http:\/\/www.fisika.com.ar\/index.php\/wp-json\/wp\/v2\/comments?post=26"}],"version-history":[{"count":112,"href":"http:\/\/www.fisika.com.ar\/index.php\/wp-json\/wp\/v2\/pages\/26\/revisions"}],"predecessor-version":[{"id":287,"href":"http:\/\/www.fisika.com.ar\/index.php\/wp-json\/wp\/v2\/pages\/26\/revisions\/287"}],"wp:attachment":[{"href":"http:\/\/www.fisika.com.ar\/index.php\/wp-json\/wp\/v2\/media?parent=26"}],"curies":[{"name":"wp","href":"https:\/\/api.w.org\/{rel}","templated":true}]}}