{"id":289,"date":"2025-11-28T14:09:48","date_gmt":"2025-11-28T14:09:48","guid":{"rendered":"https:\/\/www.fisika.com.ar\/?page_id=289"},"modified":"2025-12-10T15:37:47","modified_gmt":"2025-12-10T15:37:47","slug":"medicina-laboral","status":"publish","type":"page","link":"http:\/\/www.fisika.com.ar\/index.php\/medicina-laboral\/","title":{"rendered":"Medicina Laboral"},"content":{"rendered":"\t\t<div data-elementor-type=\"wp-page\" data-elementor-id=\"289\" class=\"elementor elementor-289\" data-elementor-post-type=\"page\">\n\t\t\t\t<div class=\"elementor-element elementor-element-42cec43 e-flex e-con-boxed e-con e-parent\" data-id=\"42cec43\" data-element_type=\"container\" data-settings=\"{&quot;background_background&quot;:&quot;classic&quot;}\">\n\t\t\t\t\t<div class=\"e-con-inner\">\n\t\t\t\t<div class=\"elementor-element elementor-element-2344fdb elementor-widget elementor-widget-heading\" data-id=\"2344fdb\" data-element_type=\"widget\" data-widget_type=\"heading.default\">\n\t\t\t\t\t<h2 class=\"elementor-heading-title elementor-size-default\">MEDICINA LABORAL<\/h2>\t\t\t\t<\/div>\n\t\t\t\t\t<\/div>\n\t\t\t\t<\/div>\n\t\t<div class=\"elementor-element elementor-element-1698b46 e-flex e-con-boxed e-con e-parent\" data-id=\"1698b46\" data-element_type=\"container\">\n\t\t\t\t\t<div class=\"e-con-inner\">\n\t\t\t\t<div class=\"elementor-element elementor-element-6f4df2b elementor-widget elementor-widget-html\" data-id=\"6f4df2b\" data-element_type=\"widget\" data-widget_type=\"html.default\">\n\t\t\t\t\t<link rel=\"stylesheet\" href=\"https:\/\/cdnjs.cloudflare.com\/ajax\/libs\/font-awesome\/6.5.0\/css\/all.min.css\">\r\n\r\n<div style=\"font-family: 'Segoe UI', sans-serif; max-width: 1100px; margin: 40px auto;\">\r\n  \r\n\r\n\r\n  <div style=\"\r\n      display: grid;\r\n      grid-template-columns: repeat(auto-fit, minmax(300px, 1fr));\r\n      gap: 25px;\r\n  \">\r\n\r\n    <!-- 1 -->\r\n    <div style=\"\r\n        padding: 25px; \r\n        background:#fff; \r\n        border-radius: 16px; \r\n        box-shadow: 0 4px 12px rgba(0,0,0,0.08);\r\n        transition: transform .2s;\r\n    \" onmouseover=\"this.style.transform='translateY(-5px)'\" onmouseout=\"this.style.transform='none'\">\r\n      <i class=\"fa-solid fa-user-check\" style=\"font-size:32px; color:#32abbe;\"><\/i>\r\n      <h3 style=\"margin: 15px 0; color:#32abbe;\">Ex\u00e1menes Pre ocupacionales<\/h3>\r\n      <p>Evaluamos la aptitud psicof\u00edsica de los postulantes para un ingreso laboral seguro y responsable.<\/p>\r\n    <\/div>\r\n\r\n    <!-- 2 -->\r\n    <div style=\"\r\n        padding: 25px; \r\n        background:#fff; \r\n        border-radius: 16px; \r\n        box-shadow: 0 4px 12px rgba(0,0,0,0.08);\r\n        transition: transform .2s;\r\n    \" onmouseover=\"this.style.transform='translateY(-5px)'\" onmouseout=\"this.style.transform='none'\">\r\n      <i class=\"fa-solid fa-stethoscope\" style=\"font-size:32px; color:#32abbe;\"><\/i>\r\n      <h3 style=\"margin: 15px 0; color:#32abbe;\">Ex\u00e1menes Peri\u00f3dicos<\/h3>\r\n      <p>Seguimiento anual del estado de salud de los trabajadores, de acuerdo a los riesgos laborales.<\/p>\r\n    <\/div>\r\n\r\n    <!-- 3 -->\r\n    <div style=\"\r\n      padding: 25px; background:#fff; border-radius: 16px; box-shadow: 0 4px 12px rgba(0,0,0,0.08);\r\n      transition: transform .2s;\r\n    \" onmouseover=\"this.style.transform='translateY(-5px)'\" onmouseout=\"this.style.transform='none'\">\r\n      <i class=\"fa-solid fa-user-minus\" style=\"font-size:32px; color:#32abbe;\"><\/i>\r\n      <h3 style=\"margin: 15px 0; color:#32abbe;\">Ex\u00e1menes de Egreso<\/h3>\r\n      <p>Control m\u00e9dico al finalizar la relaci\u00f3n laboral, registrando el estado de salud al retiro.<\/p>\r\n    <\/div>\r\n\r\n    <!-- 4 -->\r\n    <div style=\"\r\n      padding: 25px; background:#fff; border-radius: 16px; box-shadow: 0 4px 12px rgba(0,0,0,0.08);\r\n      transition: transform .2s;\r\n    \" onmouseover=\"this.style.transform='translateY(-5px)'\" onmouseout=\"this.style.transform='none'\">\r\n      <i class=\"fa-solid fa-heart-pulse\" style=\"font-size:32px; color:#32abbe;\"><\/i>\r\n      <h3 style=\"margin: 15px 0; color:#32abbe;\">Chequeo Anual Preventivo \u2013 Check Up<\/h3>\r\n      <p>Evaluaci\u00f3n integral para identificar factores de riesgo y prevenir enfermedades cr\u00f3nicas.<\/p>\r\n    <\/div>\r\n\r\n    <!-- 5 -->\r\n    <div style=\"\r\n      padding: 25px; background:#fff; border-radius: 16px; box-shadow: 0 4px 12px rgba(0,0,0,0.08);\r\n      transition: transform .2s;\r\n    \" onmouseover=\"this.style.transform='translateY(-5px)'\" onmouseout=\"this.style.transform='none'\">\r\n      <i class=\"fa-solid fa-user-doctor\" style=\"font-size:32px; color:#32abbe;\"><\/i>\r\n      <h3 style=\"margin: 15px 0; color:#32abbe;\">Interconsultas con Especialistas<\/h3>\r\n      <p>Acceso a psiquiatr\u00eda, neurolog\u00eda, cardiolog\u00eda, cl\u00ednica m\u00e9dica y m\u00e1s.<\/p>\r\n    <\/div>\r\n\r\n    <!-- 6 -->\r\n    <div style=\"\r\n      padding: 25px; background:#fff; border-radius: 16px; box-shadow: 0 4px 12px rgba(0,0,0,0.08);\r\n      transition: transform .2s;\r\n    \" onmouseover=\"this.style.transform='translateY(-5px)'\" onmouseout=\"this.style.transform='none'\">\r\n      <i class=\"fa-solid fa-file-medical\" style=\"font-size:32px; color:#32abbe;\"><\/i>\r\n      <h3 style=\"margin: 15px 0; color:#32abbe;\">Control de Ausentismo<\/h3>\r\n      <p>Auditor\u00eda y seguimiento personalizado de licencias m\u00e9dicas para optimizar la operativa laboral.<\/p>\r\n    <\/div>\r\n\r\n    <!-- 7 -->\r\n    <div style=\"\r\n      padding: 25px; background:#fff; border-radius: 16px; box-shadow: 0 4px 12px rgba(0,0,0,0.08);\r\n      transition: transform .2s;\r\n    \" onmouseover=\"this.style.transform='translateY(-5px)'\" onmouseout=\"this.style.transform='none'\">\r\n      <i class=\"fa-solid fa-users\" style=\"font-size:32px; color:#32abbe;\"><\/i>\r\n      <h3 style=\"margin: 15px 0; color:#32abbe;\">Junta M\u00e9dica<\/h3>\r\n      <p>Evaluaci\u00f3n interdisciplinaria para casos prolongados o complejos, con dictamen profesional.<\/p>\r\n    <\/div>\r\n\r\n    <!-- 8 -->\r\n    <div style=\"\r\n      padding: 25px; background:#fff; border-radius: 16px; box-shadow: 0 4px 12px rgba(0,0,0,0.08);\r\n      transition: transform .2s;\r\n    \" onmouseover=\"this.style.transform='translateY(-5px)'\" onmouseout=\"this.style.transform='none'\">\r\n      <i class=\"fa-solid fa-file-signature\" style=\"font-size:32px; color:#32abbe;\"><\/i>\r\n      <h3 style=\"margin: 15px 0; color:#32abbe;\">Visados y Homologaciones<\/h3>\r\n      <p>Certificaci\u00f3n y validaci\u00f3n de documentaci\u00f3n m\u00e9dica conforme a normativa vigente.<\/p>\r\n    <\/div>\r\n\r\n  <\/div>\r\n<\/div>\r\n\t\t\t\t<\/div>\n\t\t\t\t\t<\/div>\n\t\t\t\t<\/div>\n\t\t<div class=\"elementor-element elementor-element-d2dcd2b e-flex e-con-boxed e-con e-parent\" data-id=\"d2dcd2b\" data-element_type=\"container\">\n\t\t\t\t\t<div class=\"e-con-inner\">\n\t\t\t\t<div class=\"elementor-element elementor-element-2651bc8 elementor-widget elementor-widget-text-editor\" data-id=\"2651bc8\" data-element_type=\"widget\" data-widget_type=\"text-editor.default\">\n\t\t\t\t\t\t\t\t\t<p>Soluciones integrales en salud ocupacional para cuidar a tu equipo, y optimizar la productividad de tu empresa.<\/p>\t\t\t\t\t\t\t\t<\/div>\n\t\t\t\t<div class=\"elementor-element elementor-element-53d8698 elementor-widget elementor-widget-heading\" data-id=\"53d8698\" data-element_type=\"widget\" data-widget_type=\"heading.default\">\n\t\t\t\t\t<h2 class=\"elementor-heading-title elementor-size-default\">Contacto<\/h2>\t\t\t\t<\/div>\n\t\t\t\t<div class=\"elementor-element elementor-element-e070d3b elementor-widget elementor-widget-text-editor\" data-id=\"e070d3b\" data-element_type=\"widget\" data-widget_type=\"text-editor.default\">\n\t\t\t\t\t\t\t\t\t<p>Direcci\u00f3n: Buenos Aires 487<\/p><p>Tel\u00e9fonos: 3814 66-4918\u00a0 &#8211; 3814 77-9137 &#8211; 3812078975<\/p><p>Email: medicinalaboral@fisika.com.ar<\/p><p>Redes: Instagram\u00a0\u00b7\u00a0@grupofisika<\/p>\t\t\t\t\t\t\t\t<\/div>\n\t\t\t\t\t<\/div>\n\t\t\t\t<\/div>\n\t\t\t\t<\/div>\n\t\t","protected":false},"excerpt":{"rendered":"<p>MEDICINA LABORAL Ex\u00e1menes Pre ocupacionales Evaluamos la aptitud psicof\u00edsica de los postulantes para un ingreso laboral seguro y responsable. Ex\u00e1menes Peri\u00f3dicos Seguimiento anual del estado de salud de los trabajadores, de acuerdo a los riesgos laborales. Ex\u00e1menes de Egreso Control m\u00e9dico al finalizar la relaci\u00f3n laboral, registrando el estado de salud al retiro. Chequeo Anual&hellip; <a class=\"more-link\" href=\"http:\/\/www.fisika.com.ar\/index.php\/medicina-laboral\/\">Seguir leyendo <span class=\"screen-reader-text\">Medicina Laboral<\/span><\/a><\/p>\n","protected":false},"author":1,"featured_media":0,"parent":0,"menu_order":0,"comment_status":"closed","ping_status":"closed","template":"elementor_header_footer","meta":{"footnotes":""},"class_list":["post-289","page","type-page","status-publish","hentry","entry"],"_links":{"self":[{"href":"http:\/\/www.fisika.com.ar\/index.php\/wp-json\/wp\/v2\/pages\/289","targetHints":{"allow":["GET"]}}],"collection":[{"href":"http:\/\/www.fisika.com.ar\/index.php\/wp-json\/wp\/v2\/pages"}],"about":[{"href":"http:\/\/www.fisika.com.ar\/index.php\/wp-json\/wp\/v2\/types\/page"}],"author":[{"embeddable":true,"href":"http:\/\/www.fisika.com.ar\/index.php\/wp-json\/wp\/v2\/users\/1"}],"replies":[{"embeddable":true,"href":"http:\/\/www.fisika.com.ar\/index.php\/wp-json\/wp\/v2\/comments?post=289"}],"version-history":[{"count":11,"href":"http:\/\/www.fisika.com.ar\/index.php\/wp-json\/wp\/v2\/pages\/289\/revisions"}],"predecessor-version":[{"id":306,"href":"http:\/\/www.fisika.com.ar\/index.php\/wp-json\/wp\/v2\/pages\/289\/revisions\/306"}],"wp:attachment":[{"href":"http:\/\/www.fisika.com.ar\/index.php\/wp-json\/wp\/v2\/media?parent=289"}],"curies":[{"name":"wp","href":"https:\/\/api.w.org\/{rel}","templated":true}]}}